{"id":1309,"date":"2018-11-27T09:16:54","date_gmt":"2018-11-27T09:16:54","guid":{"rendered":"https:\/\/websitedemos.net\/discover-outdoors\/?page_id=4"},"modified":"2025-04-04T08:36:58","modified_gmt":"2025-04-04T07:36:58","slug":"home","status":"publish","type":"page","link":"https:\/\/www.ecoledesecoles.eu\/fr\/","title":{"rendered":"Accueil"},"content":{"rendered":"<div data-elementor-type=\"wp-post\" data-elementor-id=\"1309\" class=\"elementor elementor-1309\">\n\t\t\t\t\t\t<section class=\"elementor-section elementor-top-section elementor-element elementor-element-c50838b animated-slow elementor-section-boxed elementor-section-height-default elementor-section-height-default elementor-invisible\" data-id=\"c50838b\" data-element_type=\"section\" data-settings=\"{&quot;background_background&quot;:&quot;classic&quot;,&quot;animation&quot;:&quot;fadeIn&quot;}\">\n\t\t\t\t\t\t\t<div class=\"elementor-background-overlay\"><\/div>\n\t\t\t\t\t\t\t<div class=\"elementor-container elementor-column-gap-default\">\n\t\t\t\t\t<div class=\"elementor-column elementor-col-100 elementor-top-column elementor-element elementor-element-55b0429\" data-id=\"55b0429\" data-element_type=\"column\">\n\t\t\t<div class=\"elementor-widget-wrap elementor-element-populated\">\n\t\t\t\t\t\t<div class=\"elementor-element elementor-element-453e782 elementor-widget elementor-widget-heading\" data-id=\"453e782\" data-element_type=\"widget\" data-widget_type=\"heading.default\">\n\t\t\t\t<div class=\"elementor-widget-container\">\n\t\t\t\t\t<h1 class=\"elementor-heading-title elementor-size-default\">\u00c9cole des \u00c9coles<\/h1>\t\t\t\t<\/div>\n\t\t\t\t<\/div>\n\t\t\t\t\t<\/div>\n\t\t<\/div>\n\t\t\t\t\t<\/div>\n\t\t<\/section>\n\t\t\t\t<section class=\"elementor-section elementor-top-section elementor-element elementor-element-c2a5644 elementor-section-boxed elementor-section-height-default elementor-section-height-default\" data-id=\"c2a5644\" data-element_type=\"section\">\n\t\t\t\t\t\t<div class=\"elementor-container elementor-column-gap-default\">\n\t\t\t\t\t<div class=\"elementor-column elementor-col-100 elementor-top-column elementor-element elementor-element-199f952\" data-id=\"199f952\" data-element_type=\"column\">\n\t\t\t<div class=\"elementor-widget-wrap\">\n\t\t\t\t\t\t\t<\/div>\n\t\t<\/div>\n\t\t\t\t\t<\/div>\n\t\t<\/section>\n\t\t\t\t<section class=\"elementor-section elementor-top-section elementor-element elementor-element-fb5c91c elementor-section-boxed elementor-section-height-default elementor-section-height-default\" data-id=\"fb5c91c\" data-element_type=\"section\">\n\t\t\t\t\t\t<div class=\"elementor-container elementor-column-gap-default\">\n\t\t\t\t\t<div class=\"elementor-column elementor-col-100 elementor-top-column elementor-element elementor-element-4e3bf6d\" data-id=\"4e3bf6d\" data-element_type=\"column\">\n\t\t\t<div class=\"elementor-widget-wrap elementor-element-populated\">\n\t\t\t\t\t\t<div class=\"elementor-element elementor-element-5934533 elementor-widget elementor-widget-heading\" data-id=\"5934533\" data-element_type=\"widget\" data-widget_type=\"heading.default\">\n\t\t\t\t<div class=\"elementor-widget-container\">\n\t\t\t\t\t<h2 class=\"elementor-heading-title elementor-size-default\">Photo \u00a9 Mathilda Olmi <i>La Manufacture<\/i><\/h2>\t\t\t\t<\/div>\n\t\t\t\t<\/div>\n\t\t\t\t\t<\/div>\n\t\t<\/div>\n\t\t\t\t\t<\/div>\n\t\t<\/section>\n\t\t\t\t<section class=\"elementor-section elementor-top-section elementor-element elementor-element-86e54d2 elementor-section-boxed elementor-section-height-default elementor-section-height-default\" data-id=\"86e54d2\" data-element_type=\"section\">\n\t\t\t\t\t\t<div class=\"elementor-container elementor-column-gap-default\">\n\t\t\t\t\t<div class=\"elementor-column elementor-col-100 elementor-top-column elementor-element elementor-element-14dd8a4\" data-id=\"14dd8a4\" data-element_type=\"column\">\n\t\t\t<div class=\"elementor-widget-wrap elementor-element-populated\">\n\t\t\t\t\t\t<div class=\"elementor-element elementor-element-18947d9 elementor-widget elementor-widget-heading\" data-id=\"18947d9\" data-element_type=\"widget\" data-widget_type=\"heading.default\">\n\t\t\t\t<div class=\"elementor-widget-container\">\n\t\t\t\t\t<h2 class=\"elementor-heading-title elementor-size-default\">Solidarity Statement<br><\/h2>\t\t\t\t<\/div>\n\t\t\t\t<\/div>\n\t\t\t\t\t<\/div>\n\t\t<\/div>\n\t\t\t\t\t<\/div>\n\t\t<\/section>\n\t\t\t\t<section class=\"elementor-section elementor-top-section elementor-element elementor-element-5a3c514 elementor-section-boxed elementor-section-height-default elementor-section-height-default\" data-id=\"5a3c514\" data-element_type=\"section\">\n\t\t\t\t\t\t<div class=\"elementor-container elementor-column-gap-default\">\n\t\t\t\t\t<div class=\"elementor-column elementor-col-100 elementor-top-column elementor-element elementor-element-17395d6\" data-id=\"17395d6\" data-element_type=\"column\">\n\t\t\t<div class=\"elementor-widget-wrap elementor-element-populated\">\n\t\t\t\t\t\t<div class=\"elementor-element elementor-element-945f902 elementor-widget elementor-widget-text-editor\" data-id=\"945f902\" data-element_type=\"widget\" data-widget_type=\"text-editor.default\">\n\t\t\t\t<div class=\"elementor-widget-container\">\n\t\t\t\t\t\t\t\t\t<p>\u00c9cole des \u00c9coles reconna\u00eet les actions des \u00e9tudiants en G\u00e9orgie, en Serbie, ainsi que des jeunes manifestant en Turquie et en Roumanie. Ils descendent dans la rue au nom de la d\u00e9mocratie et de la libert\u00e9, occupent leurs universit\u00e9s et inventent des formes de protestation impressionnantes. Ils risquent de perdre leur place d'\u00e9tude, de faire face \u00e0 des amendes lourdes, \u00e0 l'emprisonnement et \u00e0 des menaces pour leur s\u00e9curit\u00e9 physique. \u00c9cole des \u00c9coles d\u00e9fend la libert\u00e9 artistique et acad\u00e9mique. Dans cet esprit, \u00c9cole des \u00c9coles exprime sa solidarit\u00e9 avec les \u00e9tudiants et les enseignants des pays concern\u00e9s.<\/p><p>contact:\u00a0governingbody@ecoledesecoles.eu<\/p>\t\t\t\t\t\t\t\t<\/div>\n\t\t\t\t<\/div>\n\t\t\t\t\t<\/div>\n\t\t<\/div>\n\t\t\t\t\t<\/div>\n\t\t<\/section>\n\t\t\t\t<section class=\"elementor-section elementor-top-section elementor-element elementor-element-5c31627 elementor-section-boxed elementor-section-height-default elementor-section-height-default\" data-id=\"5c31627\" data-element_type=\"section\" data-settings=\"{&quot;background_background&quot;:&quot;classic&quot;}\">\n\t\t\t\t\t\t<div class=\"elementor-container elementor-column-gap-default\">\n\t\t\t\t\t<div class=\"elementor-column elementor-col-33 elementor-top-column elementor-element elementor-element-32f335d\" data-id=\"32f335d\" data-element_type=\"column\">\n\t\t\t<div class=\"elementor-widget-wrap elementor-element-populated\">\n\t\t\t\t\t\t<div class=\"elementor-element elementor-element-afcd584 elementor-widget elementor-widget-image\" data-id=\"afcd584\" data-element_type=\"widget\" data-widget_type=\"image.default\">\n\t\t\t\t<div class=\"elementor-widget-container\">\n\t\t\t\t\t\t\t\t\t\t\t\t\t\t\t<img decoding=\"async\" width=\"200\" height=\"154\" src=\"https:\/\/www.ecoledesecoles.eu\/wp-content\/uploads\/2019\/11\/quote-1.png\" class=\"attachment-large size-large wp-image-1341\" alt=\"\" \/>\t\t\t\t\t\t\t\t\t\t\t\t\t\t\t<\/div>\n\t\t\t\t<\/div>\n\t\t\t\t\t<\/div>\n\t\t<\/div>\n\t\t\t\t<div class=\"elementor-column elementor-col-33 elementor-top-column elementor-element elementor-element-a107e3a\" data-id=\"a107e3a\" data-element_type=\"column\" data-settings=\"{&quot;background_background&quot;:&quot;classic&quot;}\">\n\t\t\t<div class=\"elementor-widget-wrap elementor-element-populated\">\n\t\t\t\t\t<div class=\"elementor-background-overlay\"><\/div>\n\t\t\t\t\t\t<div class=\"elementor-element elementor-element-26eb166 elementor-widget elementor-widget-text-editor\" data-id=\"26eb166\" data-element_type=\"widget\" data-widget_type=\"text-editor.default\">\n\t\t\t\t<div class=\"elementor-widget-container\">\n\t\t\t\t\t\t\t\t\t<p>\u00c9coles Des \u00c9coles (ou EDE) est un r\u00e9seau multidisciplinaire d\u2019\u00e9coles sup\u00e9rieures europ\u00e9ennes de th\u00e9\u00e2tre et d\u2019arts du spectacle. Bien que bas\u00e9es dans diff\u00e9rents pays, les institutions membres d'EDE sont r\u00e9unies par un int\u00e9r\u00eat commun, un objectif partag\u00e9 et une vision internationale visant \u00e0 transformer l'enseignement et la pratique du th\u00e9\u00e2tre en Europe et au-del\u00e0.<\/p><p>La collaboration au sein du r\u00e9seau EDE encourage le d\u00e9veloppement des artistes et de la formation aux arts du spectacle dans un contexte global, en promouvant l'exploration de nouvelles expressions et langues sc\u00e9niques \u00e0 travers le monde. Avec cette dimension internationale, EDE ose questionner et red\u00e9finir le r\u00f4le et la pertinence du concept de th\u00e9\u00e2tre ainsi que des p\u00e9dagogies li\u00e9es \u00e0 la performance dans nos soci\u00e9t\u00e9s contemporaines.<\/p><p>La priorit\u00e9 d\u2019EDE est la formation des formateurs. Cette formation est bas\u00e9e sur la pratique et adopte des approches \u00e0 la fois transdisciplinaires et interdisciplinaires, permettant le partage d'exp\u00e9riences en mati\u00e8re de m\u00e9thodes modernes d'enseignement et d'apprentissage. EDE facilite les \u00e9changes cr\u00e9atifs, les ateliers transnationaux et les projets artistiques communs, encourageant ainsi la fertilisation crois\u00e9e entre diff\u00e9rentes disciplines telles que les arts du spectacle, la danse, le cin\u00e9ma, les arts num\u00e9riques et les sciences humaines. Ce processus inspire des cursus qui allient techniques traditionnelles et m\u00e9thodes innovantes, adapt\u00e9es aux d\u00e9fis culturels, technologiques et sociaux contemporains.<\/p><p>EDE est guid\u00e9 par la curiosit\u00e9 d\u2019imaginer le th\u00e9\u00e2tre du futur. \u00c0 travers la recherche et la r\u00e9flexion collectives, enseignants, \u00e9tudiants et dipl\u00f4m\u00e9s se rencontrent sur un pied d\u2019\u00e9galit\u00e9 en tant qu\u2019explorateurs. Ouvert aux perspectives internationales sur les pratiques th\u00e9\u00e2trales et performatives, EDE aspire \u00e0 d\u00e9velopper des outils d\u2019innovation culturelle et sociale, et \u00e0 cr\u00e9er un espace favorisant la compr\u00e9hension mutuelle.<\/p>\t\t\t\t\t\t\t\t<\/div>\n\t\t\t\t<\/div>\n\t\t\t\t\t<\/div>\n\t\t<\/div>\n\t\t\t\t<div class=\"elementor-column elementor-col-33 elementor-top-column elementor-element elementor-element-33bc69a\" data-id=\"33bc69a\" data-element_type=\"column\">\n\t\t\t<div class=\"elementor-widget-wrap\">\n\t\t\t\t\t\t\t<\/div>\n\t\t<\/div>\n\t\t\t\t\t<\/div>\n\t\t<\/section>\n\t\t\t\t<\/div>","protected":false},"excerpt":{"rendered":"<p>\u00c9cole des \u00c9coles Photo \u00a9 Mathilda Olmi La Manufacture Solidarity Statement \u00c9cole des \u00c9coles acknowledges the actions of the students in Georgia, Serbia, and of the young people demonstrating in Turkey and Romania. They are taking to the streets in the name of democracy and freedom, occupying their universities and finding impressive forms of protest. &hellip;<\/p>\n<p class=\"read-more\"> <a class=\"\" href=\"https:\/\/www.ecoledesecoles.eu\/fr\/\"> <span class=\"screen-reader-text\">Accueil<\/span> Lire la suite\u00a0\u00bb<\/a><\/p>","protected":false},"author":6,"featured_media":0,"parent":0,"menu_order":0,"comment_status":"closed","ping_status":"closed","template":"","meta":{"_uag_custom_page_level_css":"","footnotes":""},"class_list":["post-1309","page","type-page","status-publish","hentry"],"uagb_featured_image_src":{"full":false,"thumbnail":false,"medium":false,"medium_large":false,"large":false,"1536x1536":false,"2048x2048":false,"trp-custom-language-flag":false},"uagb_author_info":{"display_name":"Gareth Higgins","author_link":"https:\/\/www.ecoledesecoles.eu\/fr\/author\/guildhall-gareth\/"},"uagb_comment_info":0,"uagb_excerpt":"\u00c9cole des \u00c9coles Photo \u00a9 Mathilda Olmi La Manufacture Solidarity Statement \u00c9cole des \u00c9coles acknowledges the actions of the students in Georgia, Serbia, and of the young people demonstrating in Turkey and Romania. They are taking to the streets in the name of democracy and freedom, occupying their universities and finding impressive forms of protest.\u2026","_links":{"self":[{"href":"https:\/\/www.ecoledesecoles.eu\/fr\/wp-json\/wp\/v2\/pages\/1309","targetHints":{"allow":["GET"]}}],"collection":[{"href":"https:\/\/www.ecoledesecoles.eu\/fr\/wp-json\/wp\/v2\/pages"}],"about":[{"href":"https:\/\/www.ecoledesecoles.eu\/fr\/wp-json\/wp\/v2\/types\/page"}],"author":[{"embeddable":true,"href":"https:\/\/www.ecoledesecoles.eu\/fr\/wp-json\/wp\/v2\/users\/6"}],"replies":[{"embeddable":true,"href":"https:\/\/www.ecoledesecoles.eu\/fr\/wp-json\/wp\/v2\/comments?post=1309"}],"version-history":[{"count":34,"href":"https:\/\/www.ecoledesecoles.eu\/fr\/wp-json\/wp\/v2\/pages\/1309\/revisions"}],"predecessor-version":[{"id":1567,"href":"https:\/\/www.ecoledesecoles.eu\/fr\/wp-json\/wp\/v2\/pages\/1309\/revisions\/1567"}],"wp:attachment":[{"href":"https:\/\/www.ecoledesecoles.eu\/fr\/wp-json\/wp\/v2\/media?parent=1309"}],"curies":[{"name":"wp","href":"https:\/\/api.w.org\/{rel}","templated":true}]}}