{"id":5,"date":"2018-11-27T09:17:08","date_gmt":"2018-11-27T09:17:08","guid":{"rendered":"https:\/\/websitedemos.net\/discover-outdoors\/?page_id=5"},"modified":"2019-11-20T11:00:40","modified_gmt":"2019-11-20T11:00:40","slug":"about","status":"publish","type":"page","link":"https:\/\/www.ecoledesecoles.eu\/fr\/about\/","title":{"rendered":"\u00c0 propos de nous"},"content":{"rendered":"<div data-elementor-type=\"wp-post\" data-elementor-id=\"5\" class=\"elementor elementor-5\">\n\t\t\t\t\t\t<section class=\"elementor-section elementor-top-section elementor-element elementor-element-d7d8b56 animated-slow elementor-section-boxed elementor-section-height-default elementor-section-height-default elementor-invisible\" data-id=\"d7d8b56\" data-element_type=\"section\" data-settings=\"{&quot;background_background&quot;:&quot;classic&quot;,&quot;animation&quot;:&quot;fadeIn&quot;}\">\n\t\t\t\t\t\t\t<div class=\"elementor-background-overlay\"><\/div>\n\t\t\t\t\t\t\t<div class=\"elementor-container elementor-column-gap-default\">\n\t\t\t\t\t<div class=\"elementor-column elementor-col-33 elementor-top-column elementor-element elementor-element-b3d335b\" data-id=\"b3d335b\" data-element_type=\"column\">\n\t\t\t<div class=\"elementor-widget-wrap\">\n\t\t\t\t\t\t\t<\/div>\n\t\t<\/div>\n\t\t\t\t<div class=\"elementor-column elementor-col-33 elementor-top-column elementor-element elementor-element-fd69444\" data-id=\"fd69444\" data-element_type=\"column\">\n\t\t\t<div class=\"elementor-widget-wrap elementor-element-populated\">\n\t\t\t\t\t\t<div class=\"elementor-element elementor-element-1ff413a elementor-widget elementor-widget-icon-box\" data-id=\"1ff413a\" data-element_type=\"widget\" data-widget_type=\"icon-box.default\">\n\t\t\t\t<div class=\"elementor-widget-container\">\n\t\t\t\t\t\t\t<div class=\"elementor-icon-box-wrapper\">\n\n\t\t\t\n\t\t\t\t\t\t<div class=\"elementor-icon-box-content\">\n\n\t\t\t\t\t\t\t\t\t<h1 class=\"elementor-icon-box-title\">\n\t\t\t\t\t\t<span  >\n\t\t\t\t\t\t\tQui nous sommes\t\t\t\t\t\t<\/span>\n\t\t\t\t\t<\/h1>\n\t\t\t\t\n\t\t\t\t\n\t\t\t<\/div>\n\t\t\t\n\t\t<\/div>\n\t\t\t\t\t\t<\/div>\n\t\t\t\t<\/div>\n\t\t\t\t\t<\/div>\n\t\t<\/div>\n\t\t\t\t<div class=\"elementor-column elementor-col-33 elementor-top-column elementor-element elementor-element-674669b\" data-id=\"674669b\" data-element_type=\"column\">\n\t\t\t<div class=\"elementor-widget-wrap\">\n\t\t\t\t\t\t\t<\/div>\n\t\t<\/div>\n\t\t\t\t\t<\/div>\n\t\t<\/section>\n\t\t\t\t<section class=\"elementor-section elementor-top-section elementor-element elementor-element-4d73033 elementor-section-boxed elementor-section-height-default elementor-section-height-default\" data-id=\"4d73033\" data-element_type=\"section\">\n\t\t\t\t\t\t<div class=\"elementor-container elementor-column-gap-default\">\n\t\t\t\t\t<div class=\"elementor-column elementor-col-100 elementor-top-column elementor-element elementor-element-27af2f5\" data-id=\"27af2f5\" data-element_type=\"column\">\n\t\t\t<div class=\"elementor-widget-wrap elementor-element-populated\">\n\t\t\t\t\t\t<div class=\"elementor-element elementor-element-c889e48 elementor-widget elementor-widget-heading\" data-id=\"c889e48\" data-element_type=\"widget\" data-widget_type=\"heading.default\">\n\t\t\t\t<div class=\"elementor-widget-container\">\n\t\t\t\t\t<h1 class=\"elementor-heading-title elementor-size-small\">Photo \u00a9 Mihaela Bodlovic <i>Guildhall School of Music and Drama<\/i><\/h1>\t\t\t\t<\/div>\n\t\t\t\t<\/div>\n\t\t\t\t\t<\/div>\n\t\t<\/div>\n\t\t\t\t\t<\/div>\n\t\t<\/section>\n\t\t\t\t<section class=\"elementor-section elementor-top-section elementor-element elementor-element-5c40d7b elementor-section-boxed elementor-section-height-default elementor-section-height-default\" data-id=\"5c40d7b\" data-element_type=\"section\">\n\t\t\t\t\t\t<div class=\"elementor-container elementor-column-gap-default\">\n\t\t\t\t\t<div class=\"elementor-column elementor-col-100 elementor-top-column elementor-element elementor-element-2ebbf9c\" data-id=\"2ebbf9c\" data-element_type=\"column\">\n\t\t\t<div class=\"elementor-widget-wrap elementor-element-populated\">\n\t\t\t\t\t\t<div class=\"elementor-element elementor-element-fe195c7 elementor-widget elementor-widget-heading\" data-id=\"fe195c7\" data-element_type=\"widget\" data-widget_type=\"heading.default\">\n\t\t\t\t<div class=\"elementor-widget-container\">\n\t\t\t\t\t<h2 class=\"elementor-heading-title elementor-size-default\">\u00c0 propos de nous<\/h2>\t\t\t\t<\/div>\n\t\t\t\t<\/div>\n\t\t\t\t<div class=\"elementor-element elementor-element-dc051dd elementor-widget-divider--view-line elementor-widget elementor-widget-divider\" data-id=\"dc051dd\" data-element_type=\"widget\" data-widget_type=\"divider.default\">\n\t\t\t\t<div class=\"elementor-widget-container\">\n\t\t\t\t\t\t\t<div class=\"elementor-divider\">\n\t\t\t<span class=\"elementor-divider-separator\">\n\t\t\t\t\t\t<\/span>\n\t\t<\/div>\n\t\t\t\t\t\t<\/div>\n\t\t\t\t<\/div>\n\t\t\t\t<div class=\"elementor-element elementor-element-5dcd18a elementor-widget elementor-widget-text-editor\" data-id=\"5dcd18a\" data-element_type=\"widget\" data-widget_type=\"text-editor.default\">\n\t\t\t\t<div class=\"elementor-widget-container\">\n\t\t\t\t\t\t\t\t\t<p>\u00c9cole des \u00c9coles (EdE) est un r\u00e9seau europ\u00e9en centr\u00e9 sur les enseignants et les \u00e9tudiants en arts du spectacle. Le r\u00e9seau a \u00e9t\u00e9 fond\u00e9 en 2006 sur la base du r\u00e9seau \u00ab Primo del Teatro \u00bb en Italie, qui est \u00e0 la fois une \u00e9cole d'\u00e9t\u00e9 pour les \u00e9tudiants en interpr\u00e9tation et en mise en sc\u00e8ne \u00e0 travers l'Europe, situ\u00e9e dans le petit village de San Miniato, et un r\u00e9seau d'enseignants europ\u00e9ens associ\u00e9s \u00e0 l'\u00e9cole d'\u00e9t\u00e9.<\/p><p>EdE regroupe des \u00e9coles partenaires d'Espagne, de Catalogne, d'Allemagne, du Danemark, du Royaume-Uni, de France, d'Italie, du Portugal, de Lituanie, de Belgique, de Suisse, des Pays-Bas et de Norv\u00e8ge. Actuellement, Res Bosshart, directeur de la Z\u00fcrcher Hochschule der K\u00fcnste\/ZHDK (Universit\u00e9 des Arts de Zurich), est pr\u00e9sident d'EdE.<\/p><p>Ces derni\u00e8res ann\u00e9es, le r\u00e9seau a cherch\u00e9 \u00e0 renforcer les possibilit\u00e9s d'\u00e9change entre les enseignants des \u00e9coles de th\u00e9\u00e2tre europ\u00e9ennes. EdE travaille au d\u00e9veloppement de la coop\u00e9ration entre les \u00e9coles partenaires \u00e0 travers des s\u00e9minaires, des ateliers et des rencontres.<\/p><p>L'Assembl\u00e9e g\u00e9n\u00e9rale d'EdE se r\u00e9unit une fois par an pour une r\u00e9union de planification annuelle, et en plus, 2 \u00e0 3 s\u00e9minaires ou ateliers th\u00e9matiques sont organis\u00e9s chaque ann\u00e9e par les \u00e9coles partenaires.<\/p>\t\t\t\t\t\t\t\t<\/div>\n\t\t\t\t<\/div>\n\t\t\t\t\t<\/div>\n\t\t<\/div>\n\t\t\t\t\t<\/div>\n\t\t<\/section>\n\t\t\t\t<\/div>","protected":false},"excerpt":{"rendered":"<p>who we are Photo \u00a9 Mihaela Bodlovic Guildhall School of Music and Drama About \u00c9cole des \u00c9coles (EdE) is a European network focusing on teachers and students in performing arts. The network was established in 2006 based on the network \u201cPrimo del Teatro\u201d in Italy, which is partly a Summer school for acting and directing &hellip;<\/p>\n<p class=\"read-more\"> <a class=\"\" href=\"https:\/\/www.ecoledesecoles.eu\/fr\/about\/\"> <span class=\"screen-reader-text\">\u00c0 propos de nous<\/span> Lire la suite\u00a0\u00bb<\/a><\/p>","protected":false},"author":6,"featured_media":0,"parent":0,"menu_order":0,"comment_status":"closed","ping_status":"closed","template":"","meta":{"_uag_custom_page_level_css":"","footnotes":""},"class_list":["post-5","page","type-page","status-publish","hentry"],"uagb_featured_image_src":{"full":false,"thumbnail":false,"medium":false,"medium_large":false,"large":false,"1536x1536":false,"2048x2048":false,"trp-custom-language-flag":false},"uagb_author_info":{"display_name":"Gareth Higgins","author_link":"https:\/\/www.ecoledesecoles.eu\/fr\/author\/guildhall-gareth\/"},"uagb_comment_info":0,"uagb_excerpt":"who we are Photo \u00a9 Mihaela Bodlovic Guildhall School of Music and Drama About \u00c9cole des \u00c9coles (EdE) is a European network focusing on teachers and students in performing arts. The network was established in 2006 based on the network \u201cPrimo del Teatro\u201d in Italy, which is partly a Summer school for acting and directing\u2026","_links":{"self":[{"href":"https:\/\/www.ecoledesecoles.eu\/fr\/wp-json\/wp\/v2\/pages\/5","targetHints":{"allow":["GET"]}}],"collection":[{"href":"https:\/\/www.ecoledesecoles.eu\/fr\/wp-json\/wp\/v2\/pages"}],"about":[{"href":"https:\/\/www.ecoledesecoles.eu\/fr\/wp-json\/wp\/v2\/types\/page"}],"author":[{"embeddable":true,"href":"https:\/\/www.ecoledesecoles.eu\/fr\/wp-json\/wp\/v2\/users\/6"}],"replies":[{"embeddable":true,"href":"https:\/\/www.ecoledesecoles.eu\/fr\/wp-json\/wp\/v2\/comments?post=5"}],"version-history":[{"count":9,"href":"https:\/\/www.ecoledesecoles.eu\/fr\/wp-json\/wp\/v2\/pages\/5\/revisions"}],"predecessor-version":[{"id":1434,"href":"https:\/\/www.ecoledesecoles.eu\/fr\/wp-json\/wp\/v2\/pages\/5\/revisions\/1434"}],"wp:attachment":[{"href":"https:\/\/www.ecoledesecoles.eu\/fr\/wp-json\/wp\/v2\/media?parent=5"}],"curies":[{"name":"wp","href":"https:\/\/api.w.org\/{rel}","templated":true}]}}